{"id":2328,"date":"2015-07-16T15:31:51","date_gmt":"2015-07-16T15:31:51","guid":{"rendered":"http:\/\/wildbunch.eu\/de\/terms-of-service\/"},"modified":"2022-01-21T17:36:23","modified_gmt":"2022-01-21T17:36:23","slug":"terms-of-service","status":"publish","type":"page","link":"https:\/\/wildbunch.eu\/de\/terms-of-service\/","title":{"rendered":"Nutzungsbedingungen"},"content":{"rendered":"<p><strong>Letzte Aktualisierung: 08. Juli 2015<\/strong><\/p>\n<h3>Allgemeine Nutzungsbedingungen<\/h3>\n<p>Mit der Nutzung der Webseite (und s\u00e4mtlicher Unterseiten) der www.senator.de der Wild Bunch AG (die Wild Bunch AG und s\u00e4mtliche Tochtergesellschaften nachfolgend als \u201eWild Bunch\u201c bezeichnet) erkennen Sie die nachfolgenden allgemeinen Nutzungsbedingungen an. Bitte lesen Sie daher die Nutzungsbedingungen aufmerksam durch, bevor Sie unsere Webseite nutzen. Diese Nutzungsbedingungen regeln die Nutzung der Webseite der Wild Bunch AG sowie die Nutzung der darauf befindlichen Inhalte, unabh\u00e4ngig davon, von welchem Endger\u00e4t Sie auf unsere Webseite zugreifen.<br \/>\nF\u00fcr bestimmte Inhalte und Angebote unserer Webseite (z.B. Zugang zum Presseportal oder B2B Partnerportal) gelten erg\u00e4nzend weitere und gesondert kenntlich gemachte Nutzungsbedingungen.<br \/>\nDiese Nutzungsbedingungen und s\u00e4mtliche Rechtsbeziehungen zwischen dem jeweiligen Nutzer der Webseite und der Wild Bunch AG unterliegen ausschlie\u00dflich deutschem Recht. Sollten einzelne Bestimmungen der Nutzungsbedingungen ung\u00fcltig sein oder werden, bleibt die G\u00fcltigkeit der \u00fcbrigen Nutzungsbedingungen hiervon unber\u00fchrt. Ung\u00fcltige Bestimmungen sind durch solche zu ersetzen, die unter Ber\u00fccksichtigung der Interessenlage den gew\u00fcnschten wirtschaftlichen Zweck zu erreichen geeignet sind. Ausschlie\u00dflicher Gerichtsstand f\u00fcr alle Streitigkeiten, die aufgrund dieser Nutzungsvereinbarung zwischen Ihnen und uns entstehen, ist Berlin.<\/p>\n<h3>Urheberrecht<\/h3>\n<p>Die Webseite der Wild Bunch AG sowie die auf der Webseite integrierten Inhalte sind urheberrechtlich gesch\u00fctzt. Ihre Nutzung unterliegt dem geltenden Urheberrecht. Die Webseite und deren Inhalte d\u00fcrfen ohne Zustimmung der Wild Bunch AG nicht ver\u00e4ndert, kopiert, wiederver\u00f6ffentlicht, \u00fcbertragen, verbreitet oder gespeichert werden. Die Inhalte d\u00fcrfen ausschlie\u00dflich zu privaten, nicht-kommerziellen Zwecken unter strikter Ber\u00fccksichtigung des geltenden Rechts benutzt werden.<\/p>\n<h3>Haftung<\/h3>\n<p>Auf dieser Webseite werden Informationen und Daten sowie mittels Hyperlinks auch Informationen und Daten anderer Webseiten zur Verf\u00fcgung gestellt. Diese Informationen und Daten dienen allein Informationszwecken. Die Wild Bunch AG \u00fcbernimmt keine Gew\u00e4hr im Hinblick auf die Aktualit\u00e4t, Richtigkeit oder Vollst\u00e4ndigkeit der Informationen bzw. Daten. Wild Bunch haftet nicht f\u00fcr Inhalte, die auf der Webseite verbreitet werden, noch f\u00fcr Sch\u00e4den die daraus entstehen, es sei denn, dass solche Sch\u00e4den von Wild Bunch vors\u00e4tzlich oder grob fahrl\u00e4ssig herbeigef\u00fchrt werden. F\u00fcr leicht fahrl\u00e4ssige Pflichtverletzungen haftet Wild Bunch nur insoweit, als es sich bei dem Schaden um einen typischerweise eintretenden und vorhersehbaren Schaden handelt und Kardinalpflichten betroffen sind. Unber\u00fchrt hiervon bleibt die Haftung f\u00fcr Sch\u00e4den an Leben, K\u00f6rper und Gesundheit, die auf einer vors\u00e4tzlichen oder fahrl\u00e4ssigen Pflichtverletzung von Wild Bunch oder ihrer Erf\u00fcllungsgehilfen beruhen. Wir weisen Sie hiermit darauf hin, dass wir trotz sorgf\u00e4ltiger Auswahl keinerlei Haftung f\u00fcr die Inhalte \u00fcbernehmen, die \u00fcber externe Links zu Webseiten Dritter abgerufen werden k\u00f6nnen. Davon ausgenommen sind von uns integrierte Inhalte (z.B. Einbettung von YouTube Videos). F\u00fcr den Inhalt der \u00fcber unsere Webseite verlinkten Webseiten sind ausschlie\u00dflich deren Betreiber verantwortlich. Wir weisen Sie hiermit darauf hin, dass wir keinen Einfluss auf die Gestaltung dieser Webseiten haben. Deshalb distanzieren wir uns ausdr\u00fccklich von dem Inhalt aller gelinkten Webseiten und machen uns deren Inhalt nicht zu Eigen. Dieser Hinweis gilt f\u00fcr alle Seitenaufrufe \u00fcber Links auf unserer Webseite. Die Nutzung der Links geschieht auf Ihre alleinige Verantwortung.\u00a0 Die verlinkten Seiten wurden zum Zeitpunkt der Verlinkung auf m\u00f6gliche Rechtsverst\u00f6\u00dfe \u00fcberpr\u00fcft. Rechtswidrige Inhalte waren zum Zeitpunkt der Verlinkung nicht erkennbar. Eine permanente inhaltliche Kontrolle der verlinkten Seiten ist jedoch ohne konkrete Anhaltspunkte einer Rechtsverletzung nicht zumutbar. Bei Bekanntwerden von Rechtsverletzungen werden wir derartige Links umgehend entfernen.<\/p>\n<h3>Datenschutz<\/h3>\n<p>Unsere Webseite haben wir unter Beachtung der aktuellen gesetzlichen Bestimmungen zum Datenschutz erstellt. In unserer Datenschutz-Richtlinie (interne Anmerkung: bitte Verlinkung zu Unterseite) informieren wir Sie umfassend und transparent dar\u00fcber, welche Daten wir erheben und speichern und welche Dienste Dritter wir benutzen, durch die Daten erhoben, gespeichert und verarbeitet werden. Besondere Nutzungsbedingungen f\u00fcr unser Presseportal Das Presseportal darf nur mit entsprechender Login-Berechtigung genutzt werden. Mit dem Einloggen in das Presseportal akzeptieren Sie die hierf\u00fcr geltenden besonderen Nutzungsbedingungen. Wenn Sie Journalist oder Vertreter der Presse sind, k\u00f6nnen Sie sich f\u00fcr unser Presseportal registrieren. F\u00fcr die Registrierung m\u00fcssen Sie u.a. Ihren Namen, Ihre Firma\/ Ihren Arbeitgeber \/ Ihre Position sowie Ihre E-Mail-Adresse angeben. Die Registrierung muss \u00fcber den E-Mail-Best\u00e4tigungs-Link best\u00e4tigt werden. Nach entsprechender Registrierung d\u00fcrfen Sie sich in unserem Presseportal einloggen. Die Log-In-Daten sind pers\u00f6nlich f\u00fcr Sie bestimmt und d\u00fcrfen Sie daher nicht ohne unsere Zustimmung an Dritte weitergeben. Senator beh\u00e4lt sich vor, die Berechtigung zur Registrierung zu \u00fcberpr\u00fcfen und einen entsprechenden Nachweis von Ihnen anzufordern. F\u00fcr die im Presseportal zum Herunterladen zur Verf\u00fcgung gestellten Inhalte wird eine einfache, nicht-exklusive und nicht \u00fcbertragbare Lizenz erteilt, den Inhalt herunterzuladen, zu speichern und ausschlie\u00dflich zur Bewerbung der jeweiligen Filme im Zusammenhang mit dem Kino- und Home-Entertainment-Start zu benutzen. S\u00e4mtliche weitergehenden Rechte verbleiben bei Senator. Die Nutzung der Inhalte \u00fcber den Kino- und Home-Entertainment-Start hinaus ist grunds\u00e4tzlich nur gestattet, solange Senator Inhaber der entsprechenden Lizenzrechte ist. Die Inhalte d\u00fcrfen nur in Medien und auf Webseiten ver\u00f6ffentlicht werden, die im Zusammenhang mit der Filmbranche und Presse stehen. Eine Benutzung in Medien mit pornographischen, nationalsozialistischen oder gewaltverherrlichenden Inhalten ist untersagt. Dies gilt entsprechend f\u00fcr Webseiten, die Links enthalten, die gem\u00e4\u00df dieser Richtlinien unerw\u00fcnscht sind. Die Inhalte sind urheberrechtlich gesch\u00fctzt und d\u00fcrfen ohne Zustimmung von Senator nicht ver\u00e4ndert werden, z.B. ist die Trennung von Bild und Ton bei zur Verf\u00fcgung gestellten Videomaterialien (Trailer, Teaser, etc.) untersagt.<\/p>\n<h3>Besondere Nutzungsbedingungen f\u00fcr unser Partnerportal<\/h3>\n<p>Das Partnerportal darf nur mit entsprechender Login-Berechtigung genutzt werden. Mit dem Einloggen in das Partnerportal akzeptieren Sie die hierf\u00fcr geltenden besonderen Nutzungsbedingungen. Wenn Sie Kinobetreiber oder ein Business-Partner von Wild Bunch sind, k\u00f6nnen Sie sich f\u00fcr unser Partnerportal registrieren. F\u00fcr die Registrierung m\u00fcssen Sie u.a. Ihren Namen, Ihre Firma\/ Ihren Arbeitgeber \/ Ihre Position sowie Ihre E-Mail-Adresse angeben. Die Registrierung muss \u00fcber den E-Mail-Best\u00e4tigungs-Link best\u00e4tigt werden. Nach entsprechender Registrierung d\u00fcrfen Sie sich in unserem Partnerportal einloggen. Die Log-In-Daten sind pers\u00f6nlich f\u00fcr Sie bestimmt und d\u00fcrfen Sie daher nicht ohne unsere Zustimmung an Dritte weitergeben. Wild Bunch beh\u00e4lt sich vor, die Berechtigung zur Registrierung zu \u00fcberpr\u00fcfen und einen entsprechenden Nachweis von Ihnen anzufordern. Die im Partnerportal zug\u00e4nglich gemachten Informationen sind streng vertraulich und d\u00fcrfen ohne Zustimmung von Wild Bunch nicht an Dritte weitergegeben werden.<\/p>\n<h3>Teilnahmebedingungen f\u00fcr Online-Gewinnspiele (Newsletter, Facebook, etc.)<\/h3>\n<p>Die Teilnahme an unseren Gewinnspielen und deren Durchf\u00fchrung richtet sich nach den folgenden Bestimmungen: Die Gewinnspiele werden von der Wild Bunch AG (\u201eWild Bunch\u201c) in Kooperation mit verschiedenen Partnern (\u201eKooperationspartnern\u201c) durchgef\u00fchrt. Bei einem Versto\u00df gegen die Teilnahmebedingungen beh\u00e4lt sich Wild Bunch das Recht vor, Personen vom Gewinnspiel auszuschlie\u00dfen. Eine Teilnahme ist nur f\u00fcr Personen ab 18 Jahren mit Wohnsitz in der Bundesrepublik Deutschland und nur unter Angabe wahrheitsgem\u00e4\u00dfer Personenangaben m\u00f6glich. Die Teilnahme kann ausschlie\u00dflich online innerhalb der jeweils mitgeteilten Frist erfolgen. Der Teilnehmer ist f\u00fcr die Richtigkeit insbesondere seiner E-Mail- und\/ oder Postadresse selbst verantwortlich. Mitarbeiter der veranstaltenden Firmen sowie angeschlossener Agenturen und allgemeiner Gewinnspielservices sind nicht zur Teilnahme berechtigt. Die Gewinner werden schriftlich oder per E-Mail benachrichtigt und k\u00f6nnen auf dem Gewinnspielportal von Senator und\/oder der Website der jeweiligen Kooperationspartner namentlich genannt werden. Wild Bunch ist berechtigt, f\u00fcr die \u00dcbersendung des Gewinns die Personendaten des Gewinners an die Kooperationspartner zu \u00fcbermitteln. Mit der Ver\u00f6ffentlichung sowie der Weitergabe von Personendaten an die Kooperationspartner erkl\u00e4rt sich der Gewinner ausdr\u00fccklich einverstanden. Eine Lieferung der Sachpreise erfolgt nur innerhalb der Bundesrepublik Deutschland. Der Anspruch auf den Gewinn verf\u00e4llt innerhalb von 3 Monaten nach der schriftlichen (E-Mail, Facebook-Kommentar und\/oder Facebook-Nachricht) Benachrichtigung \u00fcber den Gewinn. Der Rechtsweg ist ausgeschlossen, eine Barauszahlung der Preise ist nicht m\u00f6glich. Abweichungen der Preisgegenst\u00e4nde sind m\u00f6glich. F\u00fcr etwaige Sach- und\/oder Rechtsm\u00e4ngel der Gewinne haftet Senator nicht. Senator beh\u00e4lt sich vor, das jeweilige Gewinnspiel zu jedem Zeitpunkt ohne Vorank\u00fcndigung und ohne Angabe von Gr\u00fcnden abzubrechen oder zu beenden.<\/p>\n","protected":false},"excerpt":{"rendered":"<p>Letzte Aktualisierung: 08. Juli 2015 Allgemeine Nutzungsbedingungen Mit der Nutzung der Webseite (und s\u00e4mtlicher Unterseiten) der www.senator.de der Wild Bunch AG (die Wild Bunch AG und s\u00e4mtliche Tochtergesellschaften nachfolgend als \u201eWild Bunch\u201c bezeichnet) erkennen Sie die nachfolgenden allgemeinen Nutzungsbedingungen an. Bitte lesen Sie daher die Nutzungsbedingungen aufmerksam durch, bevor Sie unsere Webseite nutzen. Diese Nutzungsbedingungen [&hellip;]<\/p>\n","protected":false},"author":1,"featured_media":0,"parent":0,"menu_order":13,"comment_status":"open","ping_status":"open","template":"template-static-page.php","meta":{"footnotes":""},"aioseo_notices":[],"_links":{"self":[{"href":"https:\/\/wildbunch.eu\/de\/wp-json\/wp\/v2\/pages\/2328"}],"collection":[{"href":"https:\/\/wildbunch.eu\/de\/wp-json\/wp\/v2\/pages"}],"about":[{"href":"https:\/\/wildbunch.eu\/de\/wp-json\/wp\/v2\/types\/page"}],"author":[{"embeddable":true,"href":"https:\/\/wildbunch.eu\/de\/wp-json\/wp\/v2\/users\/1"}],"replies":[{"embeddable":true,"href":"https:\/\/wildbunch.eu\/de\/wp-json\/wp\/v2\/comments?post=2328"}],"version-history":[{"count":4,"href":"https:\/\/wildbunch.eu\/de\/wp-json\/wp\/v2\/pages\/2328\/revisions"}],"predecessor-version":[{"id":2658,"href":"https:\/\/wildbunch.eu\/de\/wp-json\/wp\/v2\/pages\/2328\/revisions\/2658"}],"wp:attachment":[{"href":"https:\/\/wildbunch.eu\/de\/wp-json\/wp\/v2\/media?parent=2328"}],"curies":[{"name":"wp","href":"https:\/\/api.w.org\/{rel}","templated":true}]}}