{"id":10312,"date":"2022-01-21T17:33:01","date_gmt":"2022-01-21T17:33:01","guid":{"rendered":"https:\/\/wildbunch.eu\/?page_id=10312"},"modified":"2022-01-21T17:40:27","modified_gmt":"2022-01-21T17:40:27","slug":"pflichtangebot_stellungnahme","status":"publish","type":"page","link":"https:\/\/wildbunch.eu\/de\/investor-relations\/pflicht-und-erwerbsangebot\/pflichtangebot_stellungnahme\/","title":{"rendered":"Pflicht- und Erwerbsangebot_Stellungnahme"},"content":{"rendered":"<p>Hier finden Sie die gemeinsame begr\u00fcndete Stellungnahme des Vorstands und Aufsichtsrats der Wild Bunch AG gem\u00e4\u00df \u00a7 27 Wp\u00dcG zum Pflichtangebot des Herrn Ingmarus Johannes Maria Snijders und zugleich zum freiwilligen \u00f6ffentlichen Erwerbsangebot der Voltaire Finance B.V. vom 13. Januar 2022<\/p>\n","protected":false},"excerpt":{"rendered":"<p>Hier finden Sie die gemeinsame begr\u00fcndete Stellungnahme des Vorstands und Aufsichtsrats der Wild Bunch AG gem\u00e4\u00df \u00a7 27 Wp\u00dcG zum Pflichtangebot des Herrn Ingmarus Johannes Maria Snijders und zugleich zum freiwilligen \u00f6ffentlichen Erwerbsangebot der Voltaire Finance B.V. vom 13. Januar 2022<\/p>\n","protected":false},"author":8,"featured_media":0,"parent":10303,"menu_order":1,"comment_status":"closed","ping_status":"closed","template":"","meta":{"footnotes":""},"aioseo_notices":[],"_links":{"self":[{"href":"https:\/\/wildbunch.eu\/de\/wp-json\/wp\/v2\/pages\/10312"}],"collection":[{"href":"https:\/\/wildbunch.eu\/de\/wp-json\/wp\/v2\/pages"}],"about":[{"href":"https:\/\/wildbunch.eu\/de\/wp-json\/wp\/v2\/types\/page"}],"author":[{"embeddable":true,"href":"https:\/\/wildbunch.eu\/de\/wp-json\/wp\/v2\/users\/8"}],"replies":[{"embeddable":true,"href":"https:\/\/wildbunch.eu\/de\/wp-json\/wp\/v2\/comments?post=10312"}],"version-history":[{"count":1,"href":"https:\/\/wildbunch.eu\/de\/wp-json\/wp\/v2\/pages\/10312\/revisions"}],"predecessor-version":[{"id":10315,"href":"https:\/\/wildbunch.eu\/de\/wp-json\/wp\/v2\/pages\/10312\/revisions\/10315"}],"up":[{"embeddable":true,"href":"https:\/\/wildbunch.eu\/de\/wp-json\/wp\/v2\/pages\/10303"}],"wp:attachment":[{"href":"https:\/\/wildbunch.eu\/de\/wp-json\/wp\/v2\/media?parent=10312"}],"curies":[{"name":"wp","href":"https:\/\/api.w.org\/{rel}","templated":true}]}}